{"id":174,"date":"2024-06-27T15:50:10","date_gmt":"2024-06-27T13:50:10","guid":{"rendered":"https:\/\/patricedecamaret.fr\/?page_id=174"},"modified":"2024-06-28T14:00:11","modified_gmt":"2024-06-28T12:00:11","slug":"le-journal-lagenda","status":"publish","type":"page","link":"https:\/\/patricedecamaret.fr\/index.php\/le-journal-lagenda\/","title":{"rendered":"Le Journal &#8211; L&rsquo;Agenda"},"content":{"rendered":"\n<h2 class=\"wp-block-heading\">L&rsquo;association <em>Monteux-ma-Ville<\/em><\/h2>\n\n\n\n<p> 9 boulevard Pasteur<\/p>\n\n\n\n<ul class=\"wp-block-list\">\n<li>Permanences d&rsquo;\u00e9coutes pour toutes les questions locales :<\/li>\n<\/ul>\n\n\n\n<p>Mercredi et samedi de 9h \u00e0 12h<\/p>\n\n\n\n<ul class=\"wp-block-list\">\n<li>R\u00e9union bi-mensuelle <\/li>\n<\/ul>\n\n\n\n<p>L&rsquo;association vous accueille pour \u00e9voquer les actualit\u00e9s locales et des sujets particuliers qui int\u00e9ressent les Montiliens. <\/p>\n\n\n\n<p>Prochaine r\u00e9union : vendredi 28 juin 18h30, au programme :<\/p>\n\n\n\n<ul class=\"wp-block-list\">\n<li>les transports \u00e0 la rentr\u00e9e, <\/li>\n\n\n\n<li>perspectives pour&nbsp; les s\u00e9niors \u00e0 Monteux, <\/li>\n\n\n\n<li>actualit\u00e9s des mois de mai et juin. <\/li>\n<\/ul>\n\n\n\n<p>Cette r\u00e9union est suivie d&rsquo;un ap\u00e9ritif.<\/p>\n\n\n\n<p><strong><em>Samedi<\/em><\/strong> <em><strong>24 ao\u00fbt  2024 : BODEGA de l&rsquo;UCAM au Parc Notre Dame<\/strong><\/em><\/p>\n\n\n\n<p><strong><em>Vendredi 27 septembre 2024 18h30 : r\u00e9union bimensuelle Monteux-ma-ville<\/em><\/strong><\/p>\n\n\n\n<p><strong><em>Dimanche 29 septembre 2024 : foire d&rsquo;automne<\/em><\/strong><\/p>\n\n\n\n<h2 class=\"wp-block-heading\">Les festivit\u00e9s de la Saint-Jean<\/h2>\n\n\n\n<p class=\"justifier\">Chaque ann\u00e9e, Monteux vit au rythme d\u2019une semaine de f\u00eate avec comme points d&rsquo;orgue une f\u00eate foraine, des bals et des concerts en soir\u00e9e et bien s\u00fbr le Feu d\u2019artifice, le vendredi soir. C&rsquo;est l&rsquo;occasion de rappeler que notre ville a \u00e9t\u00e9 une des capitales de la pyrotechnie et qu&rsquo;elle compta jusqu&rsquo;\u00e0 5 usines.<\/p>\n","protected":false},"excerpt":{"rendered":"<p>L&rsquo;association Monteux-ma-Ville 9 boulevard Pasteur Mercredi et samedi de 9h \u00e0 12h L&rsquo;association vous accueille pour \u00e9voquer les actualit\u00e9s locales et des sujets particuliers qui int\u00e9ressent les Montiliens. Prochaine r\u00e9union : vendredi 28 juin 18h30, au programme : Cette r\u00e9union est suivie d&rsquo;un ap\u00e9ritif. Samedi 24 ao\u00fbt 2024 : BODEGA de l&rsquo;UCAM au Parc Notre [&hellip;]<\/p>\n","protected":false},"author":4,"featured_media":239,"parent":0,"menu_order":0,"comment_status":"closed","ping_status":"closed","template":"wp-custom-template-page-journal","meta":{"footnotes":""},"class_list":["post-174","page","type-page","status-publish","has-post-thumbnail","hentry"],"_links":{"self":[{"href":"https:\/\/patricedecamaret.fr\/index.php\/wp-json\/wp\/v2\/pages\/174","targetHints":{"allow":["GET"]}}],"collection":[{"href":"https:\/\/patricedecamaret.fr\/index.php\/wp-json\/wp\/v2\/pages"}],"about":[{"href":"https:\/\/patricedecamaret.fr\/index.php\/wp-json\/wp\/v2\/types\/page"}],"author":[{"embeddable":true,"href":"https:\/\/patricedecamaret.fr\/index.php\/wp-json\/wp\/v2\/users\/4"}],"replies":[{"embeddable":true,"href":"https:\/\/patricedecamaret.fr\/index.php\/wp-json\/wp\/v2\/comments?post=174"}],"version-history":[{"count":7,"href":"https:\/\/patricedecamaret.fr\/index.php\/wp-json\/wp\/v2\/pages\/174\/revisions"}],"predecessor-version":[{"id":300,"href":"https:\/\/patricedecamaret.fr\/index.php\/wp-json\/wp\/v2\/pages\/174\/revisions\/300"}],"wp:featuredmedia":[{"embeddable":true,"href":"https:\/\/patricedecamaret.fr\/index.php\/wp-json\/wp\/v2\/media\/239"}],"wp:attachment":[{"href":"https:\/\/patricedecamaret.fr\/index.php\/wp-json\/wp\/v2\/media?parent=174"}],"curies":[{"name":"wp","href":"https:\/\/api.w.org\/{rel}","templated":true}]}}