{"id":252,"date":"2024-06-27T17:13:47","date_gmt":"2024-06-27T15:13:47","guid":{"rendered":"https:\/\/patricedecamaret.fr\/?page_id=252"},"modified":"2025-09-12T14:36:05","modified_gmt":"2025-09-12T12:36:05","slug":"les-quartiers-saint-hilaire","status":"publish","type":"page","link":"https:\/\/patricedecamaret.fr\/index.php\/les-quartiers\/les-quartiers-saint-hilaire\/","title":{"rendered":"Les Quartiers &#8211; Saint-Hilaire"},"content":{"rendered":"\n<div class=\"wp-block-group alignwide has-global-padding is-layout-constrained wp-block-group-is-layout-constrained\">\n<div class=\"wp-block-columns alignwide is-layout-flex wp-container-core-columns-is-layout-28f84493 wp-block-columns-is-layout-flex\">\n<div class=\"wp-block-column pdcfloua has-global-padding is-content-justification-left is-layout-constrained wp-container-core-column-is-layout-12dd3699 wp-block-column-is-layout-constrained\" style=\"flex-basis:66.66%\">\n<div class=\"wp-block-group has-global-padding is-layout-constrained wp-block-group-is-layout-constrained\">\n<div class=\"wp-block-query is-layout-flow wp-block-query-is-layout-flow\"><ul class=\"wp-block-post-template has-global-padding is-layout-constrained wp-block-post-template-is-layout-constrained\"><li class=\"wp-block-post post-1 post type-post status-publish format-standard has-post-thumbnail hentry category-non-classe tag-beaulieu tag-bravoux tag-crozette-ribiere tag-escampades tag-marjoraines tag-plumaneaux tag-saint-hilaire\">\n\n<div class=\"wp-block-group is-layout-flow wp-block-group-is-layout-flow\" style=\"padding-top:30px;padding-right:30px;padding-bottom:30px;padding-left:30px\"><h2 class=\"wp-block-post-title\"><a href=\"https:\/\/patricedecamaret.fr\/index.php\/2023\/06\/30\/bonjour-tout-le-monde\/\" target=\"_self\" >Monteux, construisons l&rsquo;avenir ensemble.<\/a><\/h2>\n\n<div class=\"wp-block-post-excerpt\"><p class=\"wp-block-post-excerpt__excerpt\">Bienvenue sur notre site. Notre volont\u00e9 : faire de Monteux une ville sereine et agr\u00e9able \u00e0 vivre, disposant des services et des infrastructures adapt\u00e9s \u00e0 chacun. Sur ce site vous pouvez : <\/p><\/div>\n\n<div class=\"wp-block-post-date\"><time datetime=\"2023-06-30T10:45:37+02:00\">30 juin 2023<\/time><\/div><\/div>\n\n<\/li><\/ul><\/div>\n<\/div>\n<\/div>\n\n\n\n<div class=\"wp-block-column pdcfloua is-layout-flow wp-block-column-is-layout-flow\" style=\"flex-basis:33.33%\">\n<div class=\"wp-block-group has-global-padding is-layout-constrained wp-block-group-is-layout-constrained wp-container-1 is-position-sticky\">\n<div class=\"wp-block-group has-global-padding is-layout-constrained wp-block-group-is-layout-constrained\">\n<ul class=\"wp-block-list\">\n<li><a href=\"https:\/\/patricedecamaret.fr\/index.php\/les-quartiers-beaulieu\/\" data-type=\"page\" data-id=\"227\">Beaulieu<\/a>,<\/li>\n\n\n\n<li><a href=\"https:\/\/patricedecamaret.fr\/index.php\/les-quartiers-saint-hilaire\/\" data-type=\"page\" data-id=\"252\">Saint-Hilaire, <\/a><\/li>\n\n\n\n<li><a href=\"https:\/\/patricedecamaret.fr\/index.php\/les-quartiers-plumaneaux\/\" data-type=\"page\" data-id=\"255\">Plumaneaux<\/a>,<\/li>\n\n\n\n<li><a href=\"https:\/\/patricedecamaret.fr\/index.php\/les-quartiers-marjoraines\/\" data-type=\"page\" data-id=\"257\">Marjoraines,<\/a><\/li>\n\n\n\n<li><a href=\"https:\/\/patricedecamaret.fr\/index.php\/les-quartiers-escampades\/\" data-type=\"page\" data-id=\"259\">Escampades,<\/a><\/li>\n\n\n\n<li><a href=\"https:\/\/patricedecamaret.fr\/index.php\/les-quartiers-bravoux\/\" data-type=\"page\" data-id=\"261\">Bravoux,<\/a><\/li>\n\n\n\n<li><a href=\"https:\/\/patricedecamaret.fr\/index.php\/les-quartiers-crozette-ribiere\/\" data-type=\"page\" data-id=\"263\">Crozette-Ribi\u00e8re,<\/a><\/li>\n\n\n\n<li><a href=\"https:\/\/patricedecamaret.fr\/index.php\/les-quartiers-confines\/\" data-type=\"page\" data-id=\"265\">Confines,<\/a><\/li>\n\n\n\n<li><a href=\"https:\/\/patricedecamaret.fr\/index.php\/les-quartiers-centre-ancien\/\" data-type=\"page\" data-id=\"267\">Centre-Ancien,<\/a><\/li>\n\n\n\n<li><a href=\"https:\/\/patricedecamaret.fr\/index.php\/les-quartiers-esquerts\/\" data-type=\"page\" data-id=\"269\">Esquerts<\/a><\/li>\n<\/ul>\n<\/div>\n<\/div>\n<\/div>\n<\/div>\n<\/div>\n","protected":false},"excerpt":{"rendered":"","protected":false},"author":4,"featured_media":254,"parent":656,"menu_order":0,"comment_status":"closed","ping_status":"closed","template":"","meta":{"footnotes":""},"class_list":["post-252","page","type-page","status-publish","has-post-thumbnail","hentry"],"_links":{"self":[{"href":"https:\/\/patricedecamaret.fr\/index.php\/wp-json\/wp\/v2\/pages\/252","targetHints":{"allow":["GET"]}}],"collection":[{"href":"https:\/\/patricedecamaret.fr\/index.php\/wp-json\/wp\/v2\/pages"}],"about":[{"href":"https:\/\/patricedecamaret.fr\/index.php\/wp-json\/wp\/v2\/types\/page"}],"author":[{"embeddable":true,"href":"https:\/\/patricedecamaret.fr\/index.php\/wp-json\/wp\/v2\/users\/4"}],"replies":[{"embeddable":true,"href":"https:\/\/patricedecamaret.fr\/index.php\/wp-json\/wp\/v2\/comments?post=252"}],"version-history":[{"count":5,"href":"https:\/\/patricedecamaret.fr\/index.php\/wp-json\/wp\/v2\/pages\/252\/revisions"}],"predecessor-version":[{"id":672,"href":"https:\/\/patricedecamaret.fr\/index.php\/wp-json\/wp\/v2\/pages\/252\/revisions\/672"}],"up":[{"embeddable":true,"href":"https:\/\/patricedecamaret.fr\/index.php\/wp-json\/wp\/v2\/pages\/656"}],"wp:featuredmedia":[{"embeddable":true,"href":"https:\/\/patricedecamaret.fr\/index.php\/wp-json\/wp\/v2\/media\/254"}],"wp:attachment":[{"href":"https:\/\/patricedecamaret.fr\/index.php\/wp-json\/wp\/v2\/media?parent=252"}],"curies":[{"name":"wp","href":"https:\/\/api.w.org\/{rel}","templated":true}]}}