{"id":269,"date":"2024-06-27T17:12:45","date_gmt":"2024-06-27T15:12:45","guid":{"rendered":"https:\/\/patricedecamaret.fr\/?page_id=269"},"modified":"2025-09-12T14:35:48","modified_gmt":"2025-09-12T12:35:48","slug":"les-quartiers-esquerts","status":"publish","type":"page","link":"https:\/\/patricedecamaret.fr\/index.php\/les-quartiers\/les-quartiers-esquerts\/","title":{"rendered":"Les Quartiers &#8211; Esquerts"},"content":{"rendered":"\n<div class=\"wp-block-group alignwide has-global-padding is-layout-constrained wp-block-group-is-layout-constrained\">\n<div class=\"wp-block-columns alignwide is-layout-flex wp-container-core-columns-is-layout-28f84493 wp-block-columns-is-layout-flex\">\n<div class=\"wp-block-column pdcfloub has-global-padding is-content-justification-left is-layout-constrained wp-container-core-column-is-layout-12dd3699 wp-block-column-is-layout-constrained\" style=\"flex-basis:66.66%\">\n<div class=\"wp-block-group has-global-padding is-layout-constrained wp-block-group-is-layout-constrained\">\n<div class=\"wp-block-query is-layout-flow wp-block-query-is-layout-flow\"><ul class=\"wp-block-post-template has-global-padding is-layout-constrained wp-block-post-template-is-layout-constrained\"><li class=\"wp-block-post post-243 post type-post status-publish format-standard has-post-thumbnail hentry category-non-classe tag-beaulieu tag-bravoux tag-centre-ancien tag-confines tag-crozette-ribiere tag-escampades tag-esquerts tag-marjoraines tag-plumaneaux\">\n\n<div class=\"wp-block-group is-layout-flow wp-block-group-is-layout-flow\" style=\"padding-top:30px;padding-right:30px;padding-bottom:30px;padding-left:30px\"><h2 class=\"wp-block-post-title\"><a href=\"https:\/\/patricedecamaret.fr\/index.php\/2022\/06\/27\/monteux-en-quelques-lignes\/\" target=\"_self\" >Monteux en quelques lignes<\/a><\/h2>\n\n<div class=\"wp-block-post-excerpt\"><p class=\"wp-block-post-excerpt__excerpt\">Notre ville compte environ 12500 habitants et est compos\u00e9e des quartiers de Beaulieu, Saint-Hilaire, Plumaneaux, Marjoraines, Escampades, Bravoux, Crozette-Ribi\u00e8re, Confines, Centre-Ancien, Esquerts Notre commune comporte 4 monuments historiques : La commune dispose de deux parcs&nbsp;: le parc Bellerive et le parc Notre-Dame, situ\u00e9s de chaque c\u00f4t\u00e9 de l&rsquo;Auzon, la rivi\u00e8re qui traverse la ville. On\u2026 <\/p><\/div>\n\n<div class=\"wp-block-post-date\"><time datetime=\"2022-06-27T12:41:24+02:00\">27 juin 2022<\/time><\/div><\/div>\n\n<\/li><\/ul><\/div>\n<\/div>\n<\/div>\n\n\n\n<div class=\"wp-block-column pdcfloub is-layout-flow wp-block-column-is-layout-flow\" style=\"flex-basis:33.33%\">\n<div class=\"wp-block-group has-global-padding is-layout-constrained wp-block-group-is-layout-constrained wp-container-1 is-position-sticky\">\n<div class=\"wp-block-group has-global-padding is-layout-constrained wp-block-group-is-layout-constrained\">\n<ul class=\"wp-block-list\">\n<li><a href=\"https:\/\/patricedecamaret.fr\/index.php\/les-quartiers-beaulieu\/\" data-type=\"page\" data-id=\"227\">Beaulieu<\/a>,<\/li>\n\n\n\n<li><a href=\"https:\/\/patricedecamaret.fr\/index.php\/les-quartiers-saint-hilaire\/\" data-type=\"page\" data-id=\"252\">Saint-Hilaire, <\/a><\/li>\n\n\n\n<li><a href=\"https:\/\/patricedecamaret.fr\/index.php\/les-quartiers-plumaneaux\/\" data-type=\"page\" data-id=\"255\">Plumaneaux<\/a>,<\/li>\n\n\n\n<li><a href=\"https:\/\/patricedecamaret.fr\/index.php\/les-quartiers-marjoraines\/\" data-type=\"page\" data-id=\"257\">Marjoraines,<\/a><\/li>\n\n\n\n<li><a href=\"https:\/\/patricedecamaret.fr\/index.php\/les-quartiers-escampades\/\" data-type=\"page\" data-id=\"259\">Escampades,<\/a><\/li>\n\n\n\n<li><a href=\"https:\/\/patricedecamaret.fr\/index.php\/les-quartiers-bravoux\/\" data-type=\"page\" data-id=\"261\">Bravoux,<\/a><\/li>\n\n\n\n<li><a href=\"https:\/\/patricedecamaret.fr\/index.php\/les-quartiers-crozette-ribiere\/\" data-type=\"page\" data-id=\"263\">Crozette-Ribi\u00e8re,<\/a><\/li>\n\n\n\n<li><a href=\"https:\/\/patricedecamaret.fr\/index.php\/les-quartiers-confines\/\" data-type=\"page\" data-id=\"265\">Confines,<\/a><\/li>\n\n\n\n<li><a href=\"https:\/\/patricedecamaret.fr\/index.php\/les-quartiers-centre-ancien\/\" data-type=\"page\" data-id=\"267\">Centre-Ancien,<\/a><\/li>\n\n\n\n<li><a href=\"https:\/\/patricedecamaret.fr\/index.php\/les-quartiers-esquerts\/\" data-type=\"page\" data-id=\"269\">Esquerts<\/a><\/li>\n<\/ul>\n<\/div>\n<\/div>\n<\/div>\n<\/div>\n<\/div>\n","protected":false},"excerpt":{"rendered":"","protected":false},"author":4,"featured_media":1101,"parent":656,"menu_order":0,"comment_status":"closed","ping_status":"closed","template":"","meta":{"footnotes":""},"class_list":["post-269","page","type-page","status-publish","has-post-thumbnail","hentry"],"_links":{"self":[{"href":"https:\/\/patricedecamaret.fr\/index.php\/wp-json\/wp\/v2\/pages\/269","targetHints":{"allow":["GET"]}}],"collection":[{"href":"https:\/\/patricedecamaret.fr\/index.php\/wp-json\/wp\/v2\/pages"}],"about":[{"href":"https:\/\/patricedecamaret.fr\/index.php\/wp-json\/wp\/v2\/types\/page"}],"author":[{"embeddable":true,"href":"https:\/\/patricedecamaret.fr\/index.php\/wp-json\/wp\/v2\/users\/4"}],"replies":[{"embeddable":true,"href":"https:\/\/patricedecamaret.fr\/index.php\/wp-json\/wp\/v2\/comments?post=269"}],"version-history":[{"count":3,"href":"https:\/\/patricedecamaret.fr\/index.php\/wp-json\/wp\/v2\/pages\/269\/revisions"}],"predecessor-version":[{"id":670,"href":"https:\/\/patricedecamaret.fr\/index.php\/wp-json\/wp\/v2\/pages\/269\/revisions\/670"}],"up":[{"embeddable":true,"href":"https:\/\/patricedecamaret.fr\/index.php\/wp-json\/wp\/v2\/pages\/656"}],"wp:featuredmedia":[{"embeddable":true,"href":"https:\/\/patricedecamaret.fr\/index.php\/wp-json\/wp\/v2\/media\/1101"}],"wp:attachment":[{"href":"https:\/\/patricedecamaret.fr\/index.php\/wp-json\/wp\/v2\/media?parent=269"}],"curies":[{"name":"wp","href":"https:\/\/api.w.org\/{rel}","templated":true}]}}