{"id":656,"date":"2025-09-11T16:51:29","date_gmt":"2025-09-11T14:51:29","guid":{"rendered":"http:\/\/localhost\/wordpress\/?page_id=656"},"modified":"2025-09-12T15:29:14","modified_gmt":"2025-09-12T13:29:14","slug":"les-quartiers","status":"publish","type":"page","link":"https:\/\/patricedecamaret.fr\/index.php\/les-quartiers\/","title":{"rendered":"Les quartiers de Monteux"},"content":{"rendered":"\n<div class=\"wp-block-group alignfull pdcfloub is-layout-flow wp-block-group-is-layout-flow\">\n<p class=\"justifier\">Notre ville, environ 12500 habitants, est compos\u00e9e des quartiers de :<\/p>\n\n\n\n<div class=\"wp-block-group alignwide has-global-padding is-layout-constrained wp-block-group-is-layout-constrained\">\n<div class=\"wp-block-group has-global-padding is-layout-constrained wp-block-group-is-layout-constrained\">\n<ul class=\"wp-block-list\">\n<li><a href=\"https:\/\/patricedecamaret.fr\/index.php\/les-quartiers-beaulieu\/\" data-type=\"page\" data-id=\"227\">Beaulieu<\/a>,<\/li>\n\n\n\n<li><a href=\"https:\/\/patricedecamaret.fr\/index.php\/les-quartiers-saint-hilaire\/\" data-type=\"page\" data-id=\"252\">Saint-Hilaire, <\/a><\/li>\n\n\n\n<li><a href=\"https:\/\/patricedecamaret.fr\/index.php\/les-quartiers-plumaneaux\/\" data-type=\"page\" data-id=\"255\">Plumaneaux<\/a>,<\/li>\n\n\n\n<li><a href=\"https:\/\/patricedecamaret.fr\/index.php\/les-quartiers-marjoraines\/\" data-type=\"page\" data-id=\"257\">Marjoraines,<\/a><\/li>\n\n\n\n<li><a href=\"https:\/\/patricedecamaret.fr\/index.php\/les-quartiers-escampades\/\" data-type=\"page\" data-id=\"259\">Escampades,<\/a><\/li>\n\n\n\n<li><a href=\"https:\/\/patricedecamaret.fr\/index.php\/les-quartiers-bravoux\/\" data-type=\"page\" data-id=\"261\">Bravoux,<\/a><\/li>\n\n\n\n<li><a href=\"https:\/\/patricedecamaret.fr\/index.php\/les-quartiers-crozette-ribiere\/\" data-type=\"page\" data-id=\"263\">Crozette-Ribi\u00e8re,<\/a><\/li>\n\n\n\n<li><a href=\"https:\/\/patricedecamaret.fr\/index.php\/les-quartiers-confines\/\" data-type=\"page\" data-id=\"265\">Confines,<\/a><\/li>\n\n\n\n<li><a href=\"https:\/\/patricedecamaret.fr\/index.php\/les-quartiers-centre-ancien\/\" data-type=\"page\" data-id=\"267\">Centre-Ancien,<\/a><\/li>\n\n\n\n<li><a href=\"https:\/\/patricedecamaret.fr\/index.php\/les-quartiers-esquerts\/\" data-type=\"page\" data-id=\"269\">Esquerts<\/a><\/li>\n<\/ul>\n<\/div>\n<\/div>\n\n\n\n<p>Notre commune comporte 4 monuments historiques  :<\/p>\n\n\n\n<div class=\"wp-block-group alignwide is-layout-flow wp-block-group-is-layout-flow\">\n<iframe loading=\"lazy\" width=\"100%\" height=\"300px\" frameborder=\"0\" allowfullscreen allow=\"geolocation\" src=\"\/\/umap.openstreetmap.fr\/fr\/map\/monteuxhistoriquepdc_1088130?scaleControl=false&#038;miniMap=false&#038;scrollWheelZoom=false&#038;zoomControl=false&#038;editMode=disabled&#038;moreControl=false&#038;searchControl=null&#038;tilelayersControl=null&#038;embedControl=null&#038;datalayersControl=false&#038;onLoadPanel=none&#038;captionBar=false&#038;captionMenus=true&#038;fullscreenControl=false&#038;captionControl=false&#038;locateControl=false&#038;measureControl=false&#038;starControl=false\"><\/iframe>\n<\/div>\n\n\n\n<p>La commune dispose de deux parcs&nbsp;: le parc Bellerive et le parc Notre-Dame, situ\u00e9s de chaque c\u00f4t\u00e9 de l&rsquo;Auzon, la rivi\u00e8re qui traverse la ville. On peut aussi faire des randonn\u00e9es autour de Monteux.<\/p>\n\n\n\n<p class=\"justifier\">Le parc de Beaulieu, comprend un lac am\u00e9nag\u00e9 de dix hectares,ouvert \u00e0 la baignade et proposant de nombreuses activit\u00e9s de loisirs, ainsi que deux parcs d\u2019attraction Wave Island et Spirou . <\/p>\n<\/div>\n","protected":false},"excerpt":{"rendered":"<p>Notre ville, environ 12500 habitants, est compos\u00e9e des quartiers de : Notre commune comporte 4 monuments historiques : La commune dispose de deux parcs&nbsp;: le parc Bellerive et le parc Notre-Dame, situ\u00e9s de chaque c\u00f4t\u00e9 de l&rsquo;Auzon, la rivi\u00e8re qui traverse la ville. On peut aussi faire des randonn\u00e9es autour de Monteux. Le parc de [&hellip;]<\/p>\n","protected":false},"author":4,"featured_media":1101,"parent":0,"menu_order":0,"comment_status":"closed","ping_status":"closed","template":"","meta":{"footnotes":""},"class_list":["post-656","page","type-page","status-publish","has-post-thumbnail","hentry"],"_links":{"self":[{"href":"https:\/\/patricedecamaret.fr\/index.php\/wp-json\/wp\/v2\/pages\/656","targetHints":{"allow":["GET"]}}],"collection":[{"href":"https:\/\/patricedecamaret.fr\/index.php\/wp-json\/wp\/v2\/pages"}],"about":[{"href":"https:\/\/patricedecamaret.fr\/index.php\/wp-json\/wp\/v2\/types\/page"}],"author":[{"embeddable":true,"href":"https:\/\/patricedecamaret.fr\/index.php\/wp-json\/wp\/v2\/users\/4"}],"replies":[{"embeddable":true,"href":"https:\/\/patricedecamaret.fr\/index.php\/wp-json\/wp\/v2\/comments?post=656"}],"version-history":[{"count":9,"href":"https:\/\/patricedecamaret.fr\/index.php\/wp-json\/wp\/v2\/pages\/656\/revisions"}],"predecessor-version":[{"id":716,"href":"https:\/\/patricedecamaret.fr\/index.php\/wp-json\/wp\/v2\/pages\/656\/revisions\/716"}],"wp:featuredmedia":[{"embeddable":true,"href":"https:\/\/patricedecamaret.fr\/index.php\/wp-json\/wp\/v2\/media\/1101"}],"wp:attachment":[{"href":"https:\/\/patricedecamaret.fr\/index.php\/wp-json\/wp\/v2\/media?parent=656"}],"curies":[{"name":"wp","href":"https:\/\/api.w.org\/{rel}","templated":true}]}}